{"id":1437,"date":"2024-09-04T07:08:58","date_gmt":"2024-09-04T07:08:58","guid":{"rendered":"http:\/\/localhost\/bumedi\/?page_id=1437"},"modified":"2026-04-24T11:32:18","modified_gmt":"2026-04-24T10:32:18","slug":"sobre-nos","status":"publish","type":"page","link":"https:\/\/bemmais.thisfunctional.pt\/index.php\/sobre-nos\/","title":{"rendered":"Sobre n\u00f3s"},"content":{"rendered":"\t\t<div data-elementor-type=\"wp-page\" data-elementor-id=\"1437\" class=\"elementor elementor-1437\">\n\t\t\t\t<div class=\"elementor-element elementor-element-1d9fe17 e-con-full e-flex e-con e-parent\" data-id=\"1d9fe17\" data-element_type=\"container\" data-e-type=\"container\">\n\t\t<div class=\"elementor-element elementor-element-8679610 e-con-full e-flex e-con e-child\" data-id=\"8679610\" data-element_type=\"container\" data-e-type=\"container\">\n\t\t\t\t<div class=\"elementor-element elementor-element-4550124 elementor-widget elementor-widget-bumedi-page-banner\" data-id=\"4550124\" data-element_type=\"widget\" data-e-type=\"widget\" data-widget_type=\"bumedi-page-banner.default\">\n\t\t\t\t<div class=\"elementor-widget-container\">\n\t\t\t\t\t<div class=\"page-banner site-page-header style-1\"><div class=\"container\"><div class=\"site-page-header-inner\"><h1 class=\"page-title\">Sobre n\u00f3s<\/h1><div class=\"entry-description\"><p>Uma abordagem pr\u00f3xima, t\u00e9cnica e humana.<\/p><\/div><!-- entry-description --><\/div><!-- site-page-header-inner --><\/div><!-- container --><\/div><!-- site-page-header -->\t\t\t\t<\/div>\n\t\t\t\t<\/div>\n\t\t\t\t<\/div>\n\t\t\t\t<\/div>\n\t\t<div class=\"elementor-element elementor-element-2c02843 e-flex e-con-boxed e-con e-parent\" data-id=\"2c02843\" data-element_type=\"container\" data-e-type=\"container\">\n\t\t\t\t\t<div class=\"e-con-inner\">\n\t\t\t\t<div class=\"elementor-element elementor-element-7a9b808 elementor-widget elementor-widget-text-editor\" data-id=\"7a9b808\" data-element_type=\"widget\" data-e-type=\"widget\" data-widget_type=\"text-editor.default\">\n\t\t\t\t\t\t\t\t\t<div class=\"section-title\"><p>Na Bem Mais ajudamos a encontrar as melhores solu\u00e7\u00f5es para cada necessidade, desde produtos de apoio \u00e0 mobilidade at\u00e9 ort\u00f3teses e palmilhas por medida.<\/p><\/div><div class=\"about-grid\">\u00a0<\/div>\t\t\t\t\t\t\t\t<\/div>\n\t\t\t\t\t<\/div>\n\t\t\t\t<\/div>\n\t\t<div class=\"elementor-element elementor-element-3db7571 e-flex e-con-boxed e-con e-parent\" data-id=\"3db7571\" data-element_type=\"container\" data-e-type=\"container\">\n\t\t\t\t\t<div class=\"e-con-inner\">\n\t\t\t\t<div class=\"elementor-element elementor-element-d8fff70 elementor-widget elementor-widget-text-editor\" data-id=\"d8fff70\" data-element_type=\"widget\" data-e-type=\"widget\" data-widget_type=\"text-editor.default\">\n\t\t\t\t\t\t\t\t\t<h3>Experi\u00eancia e confian\u00e7a<\/h3><p>Com mais de uma d\u00e9cada de experi\u00eancia na \u00e1rea da sa\u00fade e bem-estar, oferecemos acompanhamento especializado e solu\u00e7\u00f5es adequadas a cada situa\u00e7\u00e3o.<\/p><p>No nosso showroom poder\u00e1 encontrar v\u00e1rios artigos das principais marcas representadas em Portugal.<\/p>\t\t\t\t\t\t\t\t<\/div>\n\t\t\t\t<div class=\"elementor-element elementor-element-ca2a7ae elementor-widget elementor-widget-text-editor\" data-id=\"ca2a7ae\" data-element_type=\"widget\" data-e-type=\"widget\" data-widget_type=\"text-editor.default\">\n\t\t\t\t\t\t\t\t\t<h3>Compromisso com o seu bem-estar<\/h3><p>A nossa preocupa\u00e7\u00e3o \u00e9 o seu bem-estar. Prestamos apoio personalizado para que cada cliente possa encontrar a solu\u00e7\u00e3o mais adequada \u00e0 sua condi\u00e7\u00e3o, conforto e autonomia.<\/p><p>Cada caso \u00e9 acompanhado com aten\u00e7\u00e3o, profissionalismo e foco na melhoria da qualidade de vida.<\/p>\t\t\t\t\t\t\t\t<\/div>\n\t\t\t\t\t<\/div>\n\t\t\t\t<\/div>\n\t\t\t\t<\/div>\n\t\t","protected":false},"excerpt":{"rendered":"<p>Sobre n\u00f3s Uma abordagem pr\u00f3xima, t\u00e9cnica e humana. Na Bem Mais ajudamos a encontrar as melhores solu\u00e7\u00f5es para cada necessidade, desde produtos de apoio \u00e0 mobilidade at\u00e9 ort\u00f3teses e palmilhas por medida. \u00a0 Experi\u00eancia e confian\u00e7a Com mais de uma d\u00e9cada de experi\u00eancia na \u00e1rea da sa\u00fade e bem-estar, oferecemos acompanhamento especializado e solu\u00e7\u00f5es adequadas<\/p>\n<div class=\"klb-readmore post-buttons\"><a class=\"button rounded primary\" href=\"https:\/\/bemmais.thisfunctional.pt\/index.php\/sobre-nos\/\">Read More <i class=\"klbth-icon-right-arrow\"><\/i><\/a><\/div>\n","protected":false},"author":1,"featured_media":0,"parent":0,"menu_order":0,"comment_status":"closed","ping_status":"closed","template":"","meta":{"footnotes":""},"class_list":["post-1437","page","type-page","status-publish","hentry"],"_links":{"self":[{"href":"https:\/\/bemmais.thisfunctional.pt\/index.php\/wp-json\/wp\/v2\/pages\/1437","targetHints":{"allow":["GET"]}}],"collection":[{"href":"https:\/\/bemmais.thisfunctional.pt\/index.php\/wp-json\/wp\/v2\/pages"}],"about":[{"href":"https:\/\/bemmais.thisfunctional.pt\/index.php\/wp-json\/wp\/v2\/types\/page"}],"author":[{"embeddable":true,"href":"https:\/\/bemmais.thisfunctional.pt\/index.php\/wp-json\/wp\/v2\/users\/1"}],"replies":[{"embeddable":true,"href":"https:\/\/bemmais.thisfunctional.pt\/index.php\/wp-json\/wp\/v2\/comments?post=1437"}],"version-history":[{"count":5,"href":"https:\/\/bemmais.thisfunctional.pt\/index.php\/wp-json\/wp\/v2\/pages\/1437\/revisions"}],"predecessor-version":[{"id":3094,"href":"https:\/\/bemmais.thisfunctional.pt\/index.php\/wp-json\/wp\/v2\/pages\/1437\/revisions\/3094"}],"wp:attachment":[{"href":"https:\/\/bemmais.thisfunctional.pt\/index.php\/wp-json\/wp\/v2\/media?parent=1437"}],"curies":[{"name":"wp","href":"https:\/\/api.w.org\/{rel}","templated":true}]}}