{"id":3095,"date":"2026-04-24T11:38:01","date_gmt":"2026-04-24T10:38:01","guid":{"rendered":"https:\/\/bemmais.thisfunctional.pt\/?page_id=3095"},"modified":"2026-04-24T11:41:02","modified_gmt":"2026-04-24T10:41:02","slug":"servicos-e-solucoes","status":"publish","type":"page","link":"https:\/\/bemmais.thisfunctional.pt\/index.php\/servicos-e-solucoes\/","title":{"rendered":"Servi\u00e7os e solu\u00e7\u00f5es"},"content":{"rendered":"\t\t<div data-elementor-type=\"wp-page\" data-elementor-id=\"3095\" class=\"elementor elementor-3095\">\n\t\t\t\t<div class=\"elementor-element elementor-element-1d9fe17 e-con-full e-flex e-con e-parent\" data-id=\"1d9fe17\" data-element_type=\"container\" data-e-type=\"container\">\n\t\t<div class=\"elementor-element elementor-element-8679610 e-con-full e-flex e-con e-child\" data-id=\"8679610\" data-element_type=\"container\" data-e-type=\"container\">\n\t\t\t\t<div class=\"elementor-element elementor-element-4550124 elementor-widget elementor-widget-bumedi-page-banner\" data-id=\"4550124\" data-element_type=\"widget\" data-e-type=\"widget\" data-widget_type=\"bumedi-page-banner.default\">\n\t\t\t\t<div class=\"elementor-widget-container\">\n\t\t\t\t\t<div class=\"page-banner site-page-header style-1\"><div class=\"container\"><div class=\"site-page-header-inner\"><h1 class=\"page-title\">Servi\u00e7os e solu\u00e7\u00f5es\n<\/h1><div class=\"entry-description\"><p>Conhe\u00e7a algumas das \u00e1reas em que podemos ajudar.\n\n<\/p><\/div><!-- entry-description --><\/div><!-- site-page-header-inner --><\/div><!-- container --><\/div><!-- site-page-header -->\t\t\t\t<\/div>\n\t\t\t\t<\/div>\n\t\t\t\t<\/div>\n\t\t\t\t<\/div>\n\t\t<div class=\"elementor-element elementor-element-cdf6723 e-grid e-con-boxed e-con e-parent\" data-id=\"cdf6723\" data-element_type=\"container\" data-e-type=\"container\">\n\t\t\t\t\t<div class=\"e-con-inner\">\n\t\t\t\t<div class=\"elementor-element elementor-element-b708b3b elementor-widget elementor-widget-text-editor\" data-id=\"b708b3b\" data-element_type=\"widget\" data-e-type=\"widget\" data-widget_type=\"text-editor.default\">\n\t\t\t\t\t\t\t\t\t<h3>Ortopedia e geriatria<\/h3><p>Solu\u00e7\u00f5es especializadas nas \u00e1reas da mobilidade, apoio di\u00e1rio, conforto e autonomia.<\/p>\t\t\t\t\t\t\t\t<\/div>\n\t\t\t\t<div class=\"elementor-element elementor-element-dfebb1d elementor-widget elementor-widget-text-editor\" data-id=\"dfebb1d\" data-element_type=\"widget\" data-e-type=\"widget\" data-widget_type=\"text-editor.default\">\n\t\t\t\t\t\t\t\t\t<h3>Palmilhas por medida<\/h3><p>Palmilhas moldadas por elementos e em 3D, com avalia\u00e7\u00e3o t\u00e9cnica realizada com equipamentos de \u00faltima gera\u00e7\u00e3o.<\/p><p><strong>Avalia\u00e7\u00e3o gratuita.<\/strong><\/p>\t\t\t\t\t\t\t\t<\/div>\n\t\t\t\t<div class=\"elementor-element elementor-element-dfcbdbc elementor-widget elementor-widget-text-editor\" data-id=\"dfcbdbc\" data-element_type=\"widget\" data-e-type=\"widget\" data-widget_type=\"text-editor.default\">\n\t\t\t\t\t\t\t\t\t<h3>Ort\u00f3teses por medida<\/h3><p>Tiragem de medidas e coloca\u00e7\u00e3o de ort\u00f3teses feitas por medida, de acordo com as necessidades espec\u00edficas de cada cliente.<\/p>\t\t\t\t\t\t\t\t<\/div>\n\t\t\t\t\t<\/div>\n\t\t\t\t<\/div>\n\t\t<div class=\"elementor-element elementor-element-bd32615 e-grid e-con-boxed e-con e-parent\" data-id=\"bd32615\" data-element_type=\"container\" data-e-type=\"container\">\n\t\t\t\t\t<div class=\"e-con-inner\">\n\t\t\t\t<div class=\"elementor-element elementor-element-891526e elementor-widget elementor-widget-text-editor\" data-id=\"891526e\" data-element_type=\"widget\" data-e-type=\"widget\" data-widget_type=\"text-editor.default\">\n\t\t\t\t\t\t\t\t\t<h3>Adapta\u00e7\u00e3o ao domic\u00edlio<\/h3><p>Ajudamos a identificar as melhores solu\u00e7\u00f5es existentes no mercado para adapta\u00e7\u00e3o do espa\u00e7o em casa.<\/p>\t\t\t\t\t\t\t\t<\/div>\n\t\t\t\t<div class=\"elementor-element elementor-element-a528e1b elementor-widget elementor-widget-text-editor\" data-id=\"a528e1b\" data-element_type=\"widget\" data-e-type=\"widget\" data-widget_type=\"text-editor.default\">\n\t\t\t\t\t\t\t\t\t<h3>Aluguer de equipamentos<\/h3><ul><li>Camas articuladas<\/li><li>Cadeiras de rodas<\/li><li>Poltronas el\u00e9tricas<\/li><\/ul>\t\t\t\t\t\t\t\t<\/div>\n\t\t\t\t<div class=\"elementor-element elementor-element-6401820 elementor-widget elementor-widget-text-editor\" data-id=\"6401820\" data-element_type=\"widget\" data-e-type=\"widget\" data-widget_type=\"text-editor.default\">\n\t\t\t\t\t\t\t\t\t<h3>Entrega com marca\u00e7\u00e3o<\/h3><p>Servi\u00e7o de entrega todos os dias, das 09:00 \u00e0s 19:00, mediante marca\u00e7\u00e3o pr\u00e9via.<\/p>\t\t\t\t\t\t\t\t<\/div>\n\t\t\t\t\t<\/div>\n\t\t\t\t<\/div>\n\t\t\t\t<\/div>\n\t\t","protected":false},"excerpt":{"rendered":"<p>Servi\u00e7os e solu\u00e7\u00f5es Conhe\u00e7a algumas das \u00e1reas em que podemos ajudar. Ortopedia e geriatria Solu\u00e7\u00f5es especializadas nas \u00e1reas da mobilidade, apoio di\u00e1rio, conforto e autonomia. Palmilhas por medida Palmilhas moldadas por elementos e em 3D, com avalia\u00e7\u00e3o t\u00e9cnica realizada com equipamentos de \u00faltima gera\u00e7\u00e3o. Avalia\u00e7\u00e3o gratuita. Ort\u00f3teses por medida Tiragem de medidas e coloca\u00e7\u00e3o de<\/p>\n<div class=\"klb-readmore post-buttons\"><a class=\"button rounded primary\" href=\"https:\/\/bemmais.thisfunctional.pt\/index.php\/servicos-e-solucoes\/\">Read More <i class=\"klbth-icon-right-arrow\"><\/i><\/a><\/div>\n","protected":false},"author":1,"featured_media":0,"parent":0,"menu_order":0,"comment_status":"closed","ping_status":"closed","template":"","meta":{"footnotes":""},"class_list":["post-3095","page","type-page","status-publish","hentry"],"_links":{"self":[{"href":"https:\/\/bemmais.thisfunctional.pt\/index.php\/wp-json\/wp\/v2\/pages\/3095","targetHints":{"allow":["GET"]}}],"collection":[{"href":"https:\/\/bemmais.thisfunctional.pt\/index.php\/wp-json\/wp\/v2\/pages"}],"about":[{"href":"https:\/\/bemmais.thisfunctional.pt\/index.php\/wp-json\/wp\/v2\/types\/page"}],"author":[{"embeddable":true,"href":"https:\/\/bemmais.thisfunctional.pt\/index.php\/wp-json\/wp\/v2\/users\/1"}],"replies":[{"embeddable":true,"href":"https:\/\/bemmais.thisfunctional.pt\/index.php\/wp-json\/wp\/v2\/comments?post=3095"}],"version-history":[{"count":4,"href":"https:\/\/bemmais.thisfunctional.pt\/index.php\/wp-json\/wp\/v2\/pages\/3095\/revisions"}],"predecessor-version":[{"id":3099,"href":"https:\/\/bemmais.thisfunctional.pt\/index.php\/wp-json\/wp\/v2\/pages\/3095\/revisions\/3099"}],"wp:attachment":[{"href":"https:\/\/bemmais.thisfunctional.pt\/index.php\/wp-json\/wp\/v2\/media?parent=3095"}],"curies":[{"name":"wp","href":"https:\/\/api.w.org\/{rel}","templated":true}]}}